{"id":11,"date":"2010-02-05T11:18:05","date_gmt":"2010-02-05T11:18:05","guid":{"rendered":"http:\/\/gasamtokin.is\/blog\/?page_id=11"},"modified":"2010-02-07T15:44:47","modified_gmt":"2010-02-07T15:44:47","slug":"um","status":"publish","type":"page","link":"https:\/\/www.gasamtokin.is\/?page_id=11","title":{"rendered":"Um GA"},"content":{"rendered":"<p><strong>GA samt\u00f6kin<\/strong><\/p>\n<p>Samt\u00f6kin Gamblers Anonymous eiga r\u00f3t s\u00edna a\u00f0 rekja til \u00feess a\u00f0 tveir menn hittust af tilviljun \u00ed jan\u00faarm\u00e1nu\u00f0i 1957. \u00deeir h\u00f6f\u00f0u b\u00e1\u00f0ir lent \u00ed \u00f3tr\u00falegum vandr\u00e6\u00f0um og \u00f3hamingju vegna spilaf\u00edknar. \u00deeir t\u00f3ku a\u00f0 hittast reglulega og m\u00e1nu\u00f0ir li\u00f0u \u00e1n \u00feess a\u00f0 \u00feeir byrju\u00f0u aftur a\u00f0 stunda fj\u00e1rh\u00e6ttuspil.<\/p>\n<p>Af r\u00f6kr\u00e6\u00f0um s\u00ednum dr\u00f3gu \u00feeir \u00fe\u00e1 \u00e1lyktun a\u00f0 ef \u00feeir \u00e6ttu ekki a\u00f0 falla aftur \u00ed gamla fari\u00f0 yr\u00f0u \u00feeir a\u00f0 breyta tilteknum \u00fe\u00e1ttum innra me\u00f0 s\u00e9r, \u00ed skapger\u00f0 og hugarfari. Til a\u00f0 n\u00e1 fram \u00feessum breytingum notu\u00f0u \u00feeir tilteknar andlegar lei\u00f0beiningarreglur sem \u00fe\u00fasundir manna h\u00f6f\u00f0u n\u00fdtt s\u00e9r \u00e1 batavegi fr\u00e1 \u00f6\u00f0rum tegundum \u00e1r\u00e1ttuf\u00edknar. Or\u00f0i\u00f0 andlegur \u00e1 h\u00e9r vi\u00f0 \u00feau skapger\u00f0areinkenni sem s\u00fdna g\u00f6fugustu eiginleika mannsins: g\u00f3\u00f0vild, veglyndi, hei\u00f0arleika og h\u00f3gv\u00e6r\u00f0. \u00deeir t\u00f6ldu einnig a\u00f0 til a\u00f0 halda sitt eigi\u00f0 bindindi v\u00e6ri br\u00e1\u00f0 nau\u00f0synlegt a\u00f0 f\u00e6ra \u00f6\u00f0rum spilaf\u00edklum \u00feennan bo\u00f0skap um von.<\/p>\n<p>Efrir j\u00e1kv\u00e6\u00f0a umfj\u00f6llun fr\u00e6gs bla\u00f0a og sj\u00f3nvarpsmanns var fyrsti h\u00f3pfundur Gamblers Anonymous haldinn f\u00f6studaginn 13. september 1957 \u00ed Los Angeles \u00ed Kaliforn\u00edu. Alla t\u00ed\u00f0 s\u00ed\u00f0an hafa samt\u00f6kin vaxi\u00f0 st\u00f6\u00f0ugt og bl\u00f3mlegt h\u00f3pastarf fer fram um allan heim.<\/p>\n","protected":false},"excerpt":{"rendered":"<p>GA samt\u00f6kin Samt\u00f6kin Gamblers Anonymous eiga r\u00f3t s\u00edna a\u00f0 rekja til \u00feess a\u00f0 tveir menn hittust af tilviljun \u00ed jan\u00faarm\u00e1nu\u00f0i 1957. \u00deeir h\u00f6f\u00f0u b\u00e1\u00f0ir lent \u00ed \u00f3tr\u00falegum vandr\u00e6\u00f0um og \u00f3hamingju vegna spilaf\u00edknar. \u00deeir t\u00f3ku a\u00f0 hittast reglulega og m\u00e1nu\u00f0ir li\u00f0u \u00e1n \u00feess a\u00f0 \u00feeir byrju\u00f0u aftur a\u00f0 stunda fj\u00e1rh\u00e6ttuspil. Af r\u00f6kr\u00e6\u00f0um s\u00ednum dr\u00f3gu \u00feeir \u00fe\u00e1 [&hellip;]<\/p>\n","protected":false},"author":1,"featured_media":0,"parent":2,"menu_order":0,"comment_status":"closed","ping_status":"open","template":"","meta":{"footnotes":""},"class_list":["post-11","page","type-page","status-publish","hentry"],"_links":{"self":[{"href":"https:\/\/www.gasamtokin.is\/index.php?rest_route=\/wp\/v2\/pages\/11","targetHints":{"allow":["GET"]}}],"collection":[{"href":"https:\/\/www.gasamtokin.is\/index.php?rest_route=\/wp\/v2\/pages"}],"about":[{"href":"https:\/\/www.gasamtokin.is\/index.php?rest_route=\/wp\/v2\/types\/page"}],"author":[{"embeddable":true,"href":"https:\/\/www.gasamtokin.is\/index.php?rest_route=\/wp\/v2\/users\/1"}],"replies":[{"embeddable":true,"href":"https:\/\/www.gasamtokin.is\/index.php?rest_route=%2Fwp%2Fv2%2Fcomments&post=11"}],"version-history":[{"count":13,"href":"https:\/\/www.gasamtokin.is\/index.php?rest_route=\/wp\/v2\/pages\/11\/revisions"}],"predecessor-version":[{"id":122,"href":"https:\/\/www.gasamtokin.is\/index.php?rest_route=\/wp\/v2\/pages\/11\/revisions\/122"}],"up":[{"embeddable":true,"href":"https:\/\/www.gasamtokin.is\/index.php?rest_route=\/wp\/v2\/pages\/2"}],"wp:attachment":[{"href":"https:\/\/www.gasamtokin.is\/index.php?rest_route=%2Fwp%2Fv2%2Fmedia&parent=11"}],"curies":[{"name":"wp","href":"https:\/\/api.w.org\/{rel}","templated":true}]}}