{"id":69,"date":"2010-02-05T16:57:26","date_gmt":"2010-02-05T16:57:26","guid":{"rendered":"http:\/\/gasamtokin.is\/blog\/?page_id=69"},"modified":"2010-02-05T16:57:26","modified_gmt":"2010-02-05T16:57:26","slug":"spilafikn","status":"publish","type":"page","link":"https:\/\/www.gasamtokin.is\/?page_id=69","title":{"rendered":"Spilaf\u00edkn"},"content":{"rendered":"<p><strong>Spilaf\u00edkn&#8230;<\/strong><\/p>\n<p>   Flest okkar hafa veri\u00f0 \u00f3f\u00fas til a\u00f0 j\u00e1ta a\u00f0 vi\u00f0 v\u00e6rum \u00ed raun spilaf\u00edklar. F\u00e6stir vilja tr\u00faa \u00fev\u00ed a\u00f0 \u00feeir s\u00e9u \u00f6\u00f0ruv\u00edsi en n\u00e1unginn. \u00dea\u00f0 er \u00fev\u00ed ekki undarlegt a\u00f0 ferill okkar \u00ed fj\u00e1rh\u00e6ttuspilum hefur einkennst af \u00f3teljandi \u00e1rangurslausum tilraunum til a\u00f0 sanna a\u00f0 vi\u00f0 g\u00e6tum stunda\u00f0 fj\u00e1rh\u00e6ttuspil eins og anna\u00f0 f\u00f3lk. S\u00fa hugmynd a\u00f0 einhvern vegin einhvern t\u00edma komi s\u00e1 dagur a\u00f0 vi\u00f0 getum haft stj\u00f3rn \u00e1 fj\u00e1rh\u00e6ttuspili er meinlokan mikla sem \u00fej\u00e1ir alla spilaf\u00edkla. \u00deessi t\u00e1ls\u00fdn er \u00f3tr\u00falega l\u00edfseig. Margir elta hana inn fyrir fangelsism\u00fara, yfir \u00ed ge\u00f0veiki og allt til dau\u00f0a.<\/p>\n<p>   Vi\u00f0 komumst a\u00f0 \u00fev\u00ed a\u00f0 vi\u00f0 yr\u00f0um a\u00f0 j\u00e1ta \u00fea\u00f0 fyrir okkar innra manni a\u00f0 vi\u00f0 v\u00e6rum spilaf\u00edklar. \u00dea\u00f0 er fyrsta skrefi\u00f0 \u00e1 batavegi okkar. \u00de\u00e1 blekkingu a\u00f0 vi\u00f0 s\u00e9um eins og anna\u00f0 f\u00f3lk \u00feegar um fj\u00e1rh\u00e6ttuspil er a\u00f0 r\u00e6\u00f0a ver\u00f0ur a\u00f0 kve\u00f0a ni\u00f0ur fyrir fullt og allt.<\/p>\n<p>   Vi\u00f0 h\u00f6fum glata\u00f0  h\u00e6fileikanum til a\u00f0 stj\u00f3rna fj\u00e1rh\u00e6ttuspili okkar. Vi\u00f0 vitum a\u00f0 enginn sem er \u00ed raun spilaf\u00edkill getur n\u00e1\u00f0 stj\u00f3rn \u00e1 henni \u00e1 n\u00fd. Okkur hefur \u00f6llum fundist \u00e1 k\u00f6flum a\u00f0 vi\u00f0 v\u00e6rum a\u00f0 n\u00e1 stj\u00f3rninni aftur en eftir sl\u00edk t\u00edmabil, sem oftast eru stutt, kom \u00f3hj\u00e1kv\u00e6milega stj\u00f3rnleysi sem leiddi til h\u00f6rmunga og lama\u00f0i allt si\u00f0fer\u00f0is\u00ferek. Vi\u00f0 erum sannf\u00e6r\u00f0 um a\u00f0 fj\u00e1rh\u00e6ttuspilarar af okkar tagi s\u00e9u haldnir s\u00edversnandi sj\u00fakd\u00f3mi. Hann batnar ekki me\u00f0 t\u00edmanum heldur versnar. Til \u00feess a\u00f0 lifa hamingjus\u00f6mu l\u00edfi reyndum vi\u00f0 \u00fev\u00ed af fremsta megni a\u00f0 fylgja tilteknum grundvallarreglum \u00ed daglegu l\u00edfi okkar og starfi.<\/p>\n","protected":false},"excerpt":{"rendered":"<p>Spilaf\u00edkn&#8230; Flest okkar hafa veri\u00f0 \u00f3f\u00fas til a\u00f0 j\u00e1ta a\u00f0 vi\u00f0 v\u00e6rum \u00ed raun spilaf\u00edklar. F\u00e6stir vilja tr\u00faa \u00fev\u00ed a\u00f0 \u00feeir s\u00e9u \u00f6\u00f0ruv\u00edsi en n\u00e1unginn. \u00dea\u00f0 er \u00fev\u00ed ekki undarlegt a\u00f0 ferill okkar \u00ed fj\u00e1rh\u00e6ttuspilum hefur einkennst af \u00f3teljandi \u00e1rangurslausum tilraunum til a\u00f0 sanna a\u00f0 vi\u00f0 g\u00e6tum stunda\u00f0 fj\u00e1rh\u00e6ttuspil eins og anna\u00f0 f\u00f3lk. S\u00fa hugmynd [&hellip;]<\/p>\n","protected":false},"author":1,"featured_media":0,"parent":0,"menu_order":0,"comment_status":"closed","ping_status":"open","template":"","meta":{"footnotes":""},"class_list":["post-69","page","type-page","status-publish","hentry"],"_links":{"self":[{"href":"https:\/\/www.gasamtokin.is\/index.php?rest_route=\/wp\/v2\/pages\/69","targetHints":{"allow":["GET"]}}],"collection":[{"href":"https:\/\/www.gasamtokin.is\/index.php?rest_route=\/wp\/v2\/pages"}],"about":[{"href":"https:\/\/www.gasamtokin.is\/index.php?rest_route=\/wp\/v2\/types\/page"}],"author":[{"embeddable":true,"href":"https:\/\/www.gasamtokin.is\/index.php?rest_route=\/wp\/v2\/users\/1"}],"replies":[{"embeddable":true,"href":"https:\/\/www.gasamtokin.is\/index.php?rest_route=%2Fwp%2Fv2%2Fcomments&post=69"}],"version-history":[{"count":1,"href":"https:\/\/www.gasamtokin.is\/index.php?rest_route=\/wp\/v2\/pages\/69\/revisions"}],"predecessor-version":[{"id":70,"href":"https:\/\/www.gasamtokin.is\/index.php?rest_route=\/wp\/v2\/pages\/69\/revisions\/70"}],"wp:attachment":[{"href":"https:\/\/www.gasamtokin.is\/index.php?rest_route=%2Fwp%2Fv2%2Fmedia&parent=69"}],"curies":[{"name":"wp","href":"https:\/\/api.w.org\/{rel}","templated":true}]}}